{"id":2,"date":"2016-04-27T03:35:31","date_gmt":"2016-04-27T03:35:31","guid":{"rendered":"http:\/\/wp451m.a10-52-158-154.qa.plesk.ru\/wordpress\/?page_id=2"},"modified":"2019-07-07T10:40:16","modified_gmt":"2019-07-07T10:40:16","slug":"sample-page","status":"publish","type":"page","link":"https:\/\/jaceksienicki.pl\/?page_id=2","title":{"rendered":"O tej stronie"},"content":{"rendered":"\n<p>To jest oficjalna strona Jacka Sienickiego, administrowana przez Jego spadkobierc\u00f3w. B\u0119dziemy j\u0105 wzbogaca\u0107 tak cz\u0119sto, jak tylko czas i archiwizowanie zbior\u00f3w na to pozwoli.<\/p>\n\n\n\n<p>Joanna Kossakowski<\/p>\n\n\n\n<p>Wszystkie materia\u0142y z tej strony s\u0105 oczywi\u015bcie chronione Prawem autorskim. \u00a9 2008-2019<br><br>zdj\u0119cia prac:<br><strong><a href=\"https:\/\/pl.wikipedia.org\/wiki\/Erazm_Cio\u0142ek_(fotograf)\">Erazm Cio\u0142ek<\/a><\/strong>, archiwum rodzinne, \u00a0Joanna Kossakowski, mr makowski (realizacja strony:  <a href=\"https:\/\/pracownia52.pl\">pracownia 52<\/a>)<\/p>\n","protected":false},"excerpt":{"rendered":"<p>To jest oficjalna strona Jacka Sienickiego, administrowana przez Jego spadkobierc\u00f3w. B\u0119dziemy j\u0105 wzbogaca\u0107 tak cz\u0119sto, jak tylko czas i archiwizowanie zbior\u00f3w na to pozwoli. Joanna Kossakowski Wszystkie materia\u0142y z tej strony s\u0105 oczywi\u015bcie chronione Prawem autorskim. \u00a9 2008-2019 zdj\u0119cia prac:Erazm Cio\u0142ek, archiwum rodzinne, \u00a0Joanna Kossakowski, mr makowski (realizacja strony: pracownia 52)<\/p>\n","protected":false},"author":1,"featured_media":0,"parent":0,"menu_order":0,"comment_status":"closed","ping_status":"open","template":"","meta":{"footnotes":""},"class_list":["post-2","page","type-page","status-publish","hentry"],"_links":{"self":[{"href":"https:\/\/jaceksienicki.pl\/index.php?rest_route=\/wp\/v2\/pages\/2","targetHints":{"allow":["GET"]}}],"collection":[{"href":"https:\/\/jaceksienicki.pl\/index.php?rest_route=\/wp\/v2\/pages"}],"about":[{"href":"https:\/\/jaceksienicki.pl\/index.php?rest_route=\/wp\/v2\/types\/page"}],"author":[{"embeddable":true,"href":"https:\/\/jaceksienicki.pl\/index.php?rest_route=\/wp\/v2\/users\/1"}],"replies":[{"embeddable":true,"href":"https:\/\/jaceksienicki.pl\/index.php?rest_route=%2Fwp%2Fv2%2Fcomments&post=2"}],"version-history":[{"count":5,"href":"https:\/\/jaceksienicki.pl\/index.php?rest_route=\/wp\/v2\/pages\/2\/revisions"}],"predecessor-version":[{"id":312,"href":"https:\/\/jaceksienicki.pl\/index.php?rest_route=\/wp\/v2\/pages\/2\/revisions\/312"}],"wp:attachment":[{"href":"https:\/\/jaceksienicki.pl\/index.php?rest_route=%2Fwp%2Fv2%2Fmedia&parent=2"}],"curies":[{"name":"wp","href":"https:\/\/api.w.org\/{rel}","templated":true}]}}