{"id":22,"date":"2016-07-11T14:46:30","date_gmt":"2016-07-11T14:46:30","guid":{"rendered":"http:\/\/jaceksienicki.pl\/?page_id=22"},"modified":"2019-07-07T10:42:08","modified_gmt":"2019-07-07T10:42:08","slug":"akademia","status":"publish","type":"page","link":"https:\/\/jaceksienicki.pl\/?page_id=22","title":{"rendered":"\u201eProfesor\u201d"},"content":{"rendered":"\n<p>Mia\u0142 bardzo dobry kontakt ze studentami, lubi\u0142 t\u0119 prac\u0119, bliski kontakt, ciep\u0142y. Tworzy\u0142 ma\u0142\u0105 grup\u0119 s\u0142uchaczy i wtedy odkrywa\u0142 kr\u0105g sztuki, wysok\u0105 nut\u0119. Opowiada\u0142 wiele, barwnie, trafia\u0142 do serc i do rozumu. I, przede wszystkim, by\u0142a w tym blisko\u015b\u0107 cz\u0142owieka. To trudno przekaza\u0107, ale Jego bezpo\u015brednio\u015b\u0107 przy tej wysokiej nucie, by\u0142a dla nas m\u0142odych tak cenna.<br>Wspomina\u0142 te\u017c o Akademii lat pi\u0119\u0107dziesi\u0105tych, sze\u015b\u0107dziesi\u0105tych, o nastrojach i klimatach lat minionych, o kolegach i kole\u017cankach, o \u0141ukaszowcach, o Nachcie, o Czapskim. O wycieczce, jak\u0105 odby\u0142 jako m\u0142ody ch\u0142opak z ojcem \u2013 architektem do Wilna i do Lwowa przed II wojn\u0105. <br><br>M\u00f3wi\u0142 o naszej codziennej robocie, o prawdzie zobaczenia natury, rozpoznaniu formy, sceptycy\u017amie, wierze, do\u015bwiadczeniu, emocji. R\u00f3wnolegle, obok powagi my\u015bli i specyfiki charakteru, istnia\u0142a w Nim potrzeba wywa\u017conego spojrzenia, pomimo goryczy do\u015bwiadcze\u0144, historii i losu pokolenia. Stwarzanie \u015bwiata z kawa\u0142ka p\u0142\u00f3tna, papieru, przy u\u017cyciu p\u0119dzli, farb, spoiwa. Czy to realne, na ile prawdziwe?<br><br>Zaj\u0119cia by\u0142y kameralne. S\u0142uchanie do\u015bwiadczonego cz\u0142owieka i malarza o czu\u0142ym oku i \u017cyczliwym, szczerym stosunku do student\u00f3w: ch\u0142onnych, pocz\u0105tkuj\u0105cych, otwartych, to do\u015bwiadczenie \u2013 zwornik. B\u0142ysk dobrego pioruna. Nagle pojawia\u0142 si\u0119 w\u0142a\u015bciwy rytm i wymiar spraw. Bez behawioru, bez pozy, bez d\u017awigni nowych medi\u00f3w. Tylko oko, g\u0142owa, r\u0119ka w dzia\u0142aniu skupionym, w pracy. Natura i cz\u0142owiek. Zapis. <br><br>Ta wielka Profesora dba\u0142o\u015b\u0107 o realno\u015b\u0107 i jej odwzorowanie prawdziwe, zgodne z charakterem, z pulsem przedziwnego, jedynego zobaczenia natury, ci\u0105gle zmiennej.<br>tekst:<br><strong>Mariusz Woszczy\u0144ski<\/strong><br>zdj\u0119cie: mr makowski (1974)<\/p>\n","protected":false},"excerpt":{"rendered":"<p>Mia\u0142 bardzo dobry kontakt ze studentami, lubi\u0142 t\u0119 prac\u0119, bliski kontakt, ciep\u0142y. Tworzy\u0142 ma\u0142\u0105 grup\u0119 s\u0142uchaczy i wtedy odkrywa\u0142 kr\u0105g sztuki, wysok\u0105 nut\u0119. Opowiada\u0142 wiele, barwnie, trafia\u0142 do serc i do rozumu. I, przede wszystkim, by\u0142a w tym blisko\u015b\u0107 cz\u0142owieka. To trudno przekaza\u0107, ale Jego bezpo\u015brednio\u015b\u0107 przy tej wysokiej nucie, by\u0142a dla nas m\u0142odych tak<\/p>\n<div class=\"more-link\">\n\t\t\t\t <a href=\"https:\/\/jaceksienicki.pl\/?page_id=22\" class=\"link-btn theme-btn\"><span>Czytaj wi\u0119cej <\/span> <i class=\"fa fa-caret-right\"><\/i><\/a>\n\t\t\t<\/div>\n","protected":false},"author":1,"featured_media":99,"parent":0,"menu_order":1,"comment_status":"closed","ping_status":"closed","template":"","meta":{"footnotes":""},"class_list":["post-22","page","type-page","status-publish","has-post-thumbnail","hentry"],"_links":{"self":[{"href":"https:\/\/jaceksienicki.pl\/index.php?rest_route=\/wp\/v2\/pages\/22","targetHints":{"allow":["GET"]}}],"collection":[{"href":"https:\/\/jaceksienicki.pl\/index.php?rest_route=\/wp\/v2\/pages"}],"about":[{"href":"https:\/\/jaceksienicki.pl\/index.php?rest_route=\/wp\/v2\/types\/page"}],"author":[{"embeddable":true,"href":"https:\/\/jaceksienicki.pl\/index.php?rest_route=\/wp\/v2\/users\/1"}],"replies":[{"embeddable":true,"href":"https:\/\/jaceksienicki.pl\/index.php?rest_route=%2Fwp%2Fv2%2Fcomments&post=22"}],"version-history":[{"count":11,"href":"https:\/\/jaceksienicki.pl\/index.php?rest_route=\/wp\/v2\/pages\/22\/revisions"}],"predecessor-version":[{"id":314,"href":"https:\/\/jaceksienicki.pl\/index.php?rest_route=\/wp\/v2\/pages\/22\/revisions\/314"}],"wp:featuredmedia":[{"embeddable":true,"href":"https:\/\/jaceksienicki.pl\/index.php?rest_route=\/wp\/v2\/media\/99"}],"wp:attachment":[{"href":"https:\/\/jaceksienicki.pl\/index.php?rest_route=%2Fwp%2Fv2%2Fmedia&parent=22"}],"curies":[{"name":"wp","href":"https:\/\/api.w.org\/{rel}","templated":true}]}}